{"id":771,"date":"2017-11-23T14:35:40","date_gmt":"2017-11-23T14:35:40","guid":{"rendered":"https:\/\/votemoscr.com\/?page_id=771"},"modified":"2018-10-16T17:08:58","modified_gmt":"2018-10-16T17:08:58","slug":"acerca-de","status":"publish","type":"page","link":"https:\/\/votemoscr.com\/2018\/acerca-de\/","title":{"rendered":"ACERCA DE"},"content":{"rendered":"<div id=\"pl-771\"  class=\"panel-layout\" ><div id=\"pg-771-0\"  class=\"panel-grid panel-no-style\" ><div id=\"pgc-771-0-0\"  class=\"panel-grid-cell panel-grid-cell-empty\" ><\/div><div id=\"pgc-771-0-1\"  class=\"panel-grid-cell panel-grid-cell-mobile-last\" ><div id=\"panel-771-0-1-0\" class=\"so-panel widget widget_sow-editor panel-first-child panel-last-child\" data-index=\"0\" ><div\n\t\t\t\n\t\t\tclass=\"so-widget-sow-editor so-widget-sow-editor-base\"\n\t\t\t\n\t\t>\n<div class=\"siteorigin-widget-tinymce textwidget\">\n\t<p class=\"western\" align=\"justify\"><span lang=\"es-ES\">La Plataforma Electoral del Programa Estado de la Naci\u00f3n (PEN) es una herramienta de informaci\u00f3n c\u00edvica para la ciudadan\u00eda. Contiene seis secciones principales en las que usted puede ingresar y obtener informaci\u00f3n espec\u00edfica sobre asuntos de inter\u00e9s electoral. Se actualiza semanalmente.<\/span><\/p>\n<p class=\"western\" align=\"justify\"><span lang=\"es-ES\">La secci\u00f3n del <\/span><a href=\"https:\/\/votemoscr.com\/votometro\/\"><span lang=\"es-ES\">Vot\u00f3metro<\/span><\/a><span lang=\"es-ES\"> le permite responder 32 preguntas que los candidatos presidenciales ya llenaron. Al final se obtiene el grado de coincidencia con cada uno, y se puede comparar en qu\u00e9 temas hay mayor afinidad. El detalle de la metodolog\u00eda puede verse en:\u00a0<a href=\"https:\/\/votemoscr.com\/index.php\/2018\/02\/02\/que-es-el-votometro\/\" target=\"_blank\" rel=\"noopener\">https:\/\/votemoscr.com\/index.php\/2018\/02\/02\/que-es-el-votometro\/<\/a><\/span><\/p>\n<p class=\"western\" align=\"justify\"><span lang=\"es-ES\">En la secci\u00f3n <\/span><a href=\"https:\/\/votemoscr.com\/index.php\/electores\/\"><span lang=\"es-ES\">Electores<\/span><\/a><span lang=\"es-ES\"> es posible ver las caracter\u00edsticas de los votantes. Por ejemplo, la edad y la distribuci\u00f3n en el territorio nacional.<\/span><\/p>\n<p class=\"western\" align=\"justify\"><span lang=\"es-ES\">La secci\u00f3n <\/span><a href=\"https:\/\/votemoscr.com\/index.php\/partidos-politicos\/\"><span lang=\"es-ES\">Partidos Pol\u00edticos<\/span><\/a><span lang=\"es-ES\"> muestra las caracter\u00edsticas de las agrupaciones que compiten, la conformaci\u00f3n de sus dirigencias, y el desempe\u00f1o electoral que han tenido hist\u00f3ricamente.<\/span><\/p>\n<p class=\"western\" align=\"justify\"><span lang=\"es-ES\">En <\/span><a href=\"https:\/\/votemoscr.com\/index.php\/propuestas-de-gobierno\/\"><span lang=\"es-ES\">Propuestas de Gobierno<\/span><\/a><span lang=\"es-ES\"> hay an\u00e1lisis espec\u00edfico para cada uno de los partidos con base en entrevistas a los candidatos presidenciales y sus programas de gobierno conforme son publicados.<\/span><\/p>\n<p class=\"western\" align=\"justify\"><span lang=\"es-ES\">En <\/span><a href=\"https:\/\/votemoscr.com\/index.php\/clima-electoral\/\"><span lang=\"es-ES\">Clima Electoral<\/span><\/a><span lang=\"es-ES\"> se encuentran los datos de opini\u00f3n p\u00fablica, obtenidos mediante un estudio de panel, que miden las preferencias de los electores a lo largo de la campa\u00f1a pol\u00edtica.<\/span><\/p>\n<p class=\"western\" align=\"justify\"><span lang=\"es-ES\">En <\/span><a href=\"https:\/\/votemoscr.com\/index.php\/rss-2\/\"><span lang=\"es-ES\">Redes Sociales<\/span><\/a><span lang=\"es-ES\"> se consignan los an\u00e1lisis sobre la participaci\u00f3n de las personas en los perfiles oficiales de Facebook de cada uno de los candidatos. <\/span><\/p>\n<p class=\"western\" align=\"justify\"><span lang=\"es-ES\">El desarrollo inform\u00e1tico de VotemosCR.com estuvo a cargo de <\/span><a href=\"http:\/\/www.centaurosolutions.com\/\"><span lang=\"es-ES\">Centauro Solutions<\/span><\/a><span lang=\"es-ES\"> y el del Vot\u00f3metro por el <\/span><a href=\"http:\/\/investiga.uned.ac.cr\/redinvestigacion\/proyectos\/laboratorio-de-investigacion-e-innovacion-tecnologica-liit\/\"><span lang=\"es-ES\">LIIT de la UNED<\/span><\/a><span lang=\"es-ES\">.<\/span><\/p>\n<p class=\"western\" align=\"justify\"><span lang=\"es-ES\"><b>Datos de contacto<\/b><\/span><\/p>\n<p><span lang=\"es-ES\" style=\"font-size: 17px;\"><strong>Email:<\/strong> programa@estadonacion.or.cr<\/span><br \/>\n<span lang=\"es-ES\" style=\"font-size: 17px;\"><strong>Web:<\/strong> <a href=\"http:\/\/www.estadonacion.or.cr\">www.estadonacion.or.cr<\/a><\/span><br \/>\n<span lang=\"es-ES\" style=\"font-size: 17px;\"><strong>Tel:<\/strong> (506) 2519-5344 \/ 2519-5845<\/span><br \/>\n<strong style=\"font-size: 17px;\">Direcci\u00f3n:<\/strong><br \/>\n<span lang=\"es-ES\" style=\"font-size: 17px;\">CONARE, Edificio Dr. Franklin Chang D\u00edaz<br \/>\n300 metros al norte del Parque de La Amistad<br \/>\nPavas, San Jos\u00e9, Costa Rica, Apdo. 1174-1200.<\/span><\/p>\n<\/div>\n<\/div><\/div><\/div><div id=\"pgc-771-0-2\"  class=\"panel-grid-cell panel-grid-cell-empty\" ><\/div><\/div><\/div>","protected":false},"excerpt":{"rendered":"<p>La Plataforma Electoral del Programa Estado de la Naci\u00f3n (PEN) es una herramienta de informaci\u00f3n c\u00edvica para la ciudadan\u00eda. Contiene seis secciones principales en las que usted puede ingresar y obtener informaci\u00f3n espec\u00edfica sobre asuntos de inter\u00e9s electoral. Se actualiza semanalmente. La secci\u00f3n del Vot\u00f3metro le permite responder 32 preguntas que los candidatos presidenciales ya [&hellip;]<\/p>\n","protected":false},"author":3,"featured_media":0,"parent":0,"menu_order":0,"comment_status":"closed","ping_status":"closed","template":"","meta":{"inline_featured_image":false,"footnotes":""},"ppma_author":[10],"class_list":["post-771","page","type-page","status-publish","hentry"],"yoast_head":"<!-- This site is optimized with the Yoast SEO plugin v26.0 - https:\/\/yoast.com\/wordpress\/plugins\/seo\/ -->\n<title>ACERCA DE - VotemosCR v2018<\/title>\n<meta name=\"robots\" content=\"index, follow, max-snippet:-1, max-image-preview:large, max-video-preview:-1\" \/>\n<link rel=\"canonical\" href=\"https:\/\/votemoscr.com\/2018\/acerca-de\/\" \/>\n<meta property=\"og:locale\" content=\"es_ES\" \/>\n<meta property=\"og:type\" content=\"article\" \/>\n<meta property=\"og:title\" content=\"ACERCA DE - VotemosCR v2018\" \/>\n<meta property=\"og:description\" content=\"La Plataforma Electoral del Programa Estado de la Naci\u00f3n (PEN) es una herramienta de informaci\u00f3n c\u00edvica para la ciudadan\u00eda. Contiene seis secciones principales en las que usted puede ingresar y obtener informaci\u00f3n espec\u00edfica sobre asuntos de inter\u00e9s electoral. Se actualiza semanalmente. La secci\u00f3n del Vot\u00f3metro le permite responder 32 preguntas que los candidatos presidenciales ya [&hellip;]\" \/>\n<meta property=\"og:url\" content=\"https:\/\/votemoscr.com\/2018\/acerca-de\/\" \/>\n<meta property=\"og:site_name\" content=\"VotemosCR v2018\" \/>\n<meta property=\"article:modified_time\" content=\"2018-10-16T17:08:58+00:00\" \/>\n<meta name=\"twitter:card\" content=\"summary_large_image\" \/>\n<meta name=\"twitter:label1\" content=\"Tiempo de lectura\" \/>\n\t<meta name=\"twitter:data1\" content=\"2 minutos\" \/>\n<script type=\"application\/ld+json\" class=\"yoast-schema-graph\">{\"@context\":\"https:\/\/schema.org\",\"@graph\":[{\"@type\":\"WebPage\",\"@id\":\"https:\/\/votemoscr.com\/2018\/acerca-de\/\",\"url\":\"https:\/\/votemoscr.com\/2018\/acerca-de\/\",\"name\":\"ACERCA DE - VotemosCR v2018\",\"isPartOf\":{\"@id\":\"https:\/\/votemoscr.com\/2018\/#website\"},\"datePublished\":\"2017-11-23T14:35:40+00:00\",\"dateModified\":\"2018-10-16T17:08:58+00:00\",\"breadcrumb\":{\"@id\":\"https:\/\/votemoscr.com\/2018\/acerca-de\/#breadcrumb\"},\"inLanguage\":\"es\",\"potentialAction\":[{\"@type\":\"ReadAction\",\"target\":[\"https:\/\/votemoscr.com\/2018\/acerca-de\/\"]}]},{\"@type\":\"BreadcrumbList\",\"@id\":\"https:\/\/votemoscr.com\/2018\/acerca-de\/#breadcrumb\",\"itemListElement\":[{\"@type\":\"ListItem\",\"position\":1,\"name\":\"Portada\",\"item\":\"https:\/\/votemoscr.com\/2018\/\"},{\"@type\":\"ListItem\",\"position\":2,\"name\":\"ACERCA DE\"}]},{\"@type\":\"WebSite\",\"@id\":\"https:\/\/votemoscr.com\/2018\/#website\",\"url\":\"https:\/\/votemoscr.com\/2018\/\",\"name\":\"VotemosCR v2018\",\"description\":\"\",\"potentialAction\":[{\"@type\":\"SearchAction\",\"target\":{\"@type\":\"EntryPoint\",\"urlTemplate\":\"https:\/\/votemoscr.com\/2018\/?s={search_term_string}\"},\"query-input\":{\"@type\":\"PropertyValueSpecification\",\"valueRequired\":true,\"valueName\":\"search_term_string\"}}],\"inLanguage\":\"es\"}]}<\/script>\n<!-- \/ Yoast SEO plugin. -->","yoast_head_json":{"title":"ACERCA DE - VotemosCR v2018","robots":{"index":"index","follow":"follow","max-snippet":"max-snippet:-1","max-image-preview":"max-image-preview:large","max-video-preview":"max-video-preview:-1"},"canonical":"https:\/\/votemoscr.com\/2018\/acerca-de\/","og_locale":"es_ES","og_type":"article","og_title":"ACERCA DE - VotemosCR v2018","og_description":"La Plataforma Electoral del Programa Estado de la Naci\u00f3n (PEN) es una herramienta de informaci\u00f3n c\u00edvica para la ciudadan\u00eda. Contiene seis secciones principales en las que usted puede ingresar y obtener informaci\u00f3n espec\u00edfica sobre asuntos de inter\u00e9s electoral. Se actualiza semanalmente. La secci\u00f3n del Vot\u00f3metro le permite responder 32 preguntas que los candidatos presidenciales ya [&hellip;]","og_url":"https:\/\/votemoscr.com\/2018\/acerca-de\/","og_site_name":"VotemosCR v2018","article_modified_time":"2018-10-16T17:08:58+00:00","twitter_card":"summary_large_image","twitter_misc":{"Tiempo de lectura":"2 minutos"},"schema":{"@context":"https:\/\/schema.org","@graph":[{"@type":"WebPage","@id":"https:\/\/votemoscr.com\/2018\/acerca-de\/","url":"https:\/\/votemoscr.com\/2018\/acerca-de\/","name":"ACERCA DE - VotemosCR v2018","isPartOf":{"@id":"https:\/\/votemoscr.com\/2018\/#website"},"datePublished":"2017-11-23T14:35:40+00:00","dateModified":"2018-10-16T17:08:58+00:00","breadcrumb":{"@id":"https:\/\/votemoscr.com\/2018\/acerca-de\/#breadcrumb"},"inLanguage":"es","potentialAction":[{"@type":"ReadAction","target":["https:\/\/votemoscr.com\/2018\/acerca-de\/"]}]},{"@type":"BreadcrumbList","@id":"https:\/\/votemoscr.com\/2018\/acerca-de\/#breadcrumb","itemListElement":[{"@type":"ListItem","position":1,"name":"Portada","item":"https:\/\/votemoscr.com\/2018\/"},{"@type":"ListItem","position":2,"name":"ACERCA DE"}]},{"@type":"WebSite","@id":"https:\/\/votemoscr.com\/2018\/#website","url":"https:\/\/votemoscr.com\/2018\/","name":"VotemosCR v2018","description":"","potentialAction":[{"@type":"SearchAction","target":{"@type":"EntryPoint","urlTemplate":"https:\/\/votemoscr.com\/2018\/?s={search_term_string}"},"query-input":{"@type":"PropertyValueSpecification","valueRequired":true,"valueName":"search_term_string"}}],"inLanguage":"es"}]}},"_links":{"self":[{"href":"https:\/\/votemoscr.com\/2018\/wp-json\/wp\/v2\/pages\/771","targetHints":{"allow":["GET"]}}],"collection":[{"href":"https:\/\/votemoscr.com\/2018\/wp-json\/wp\/v2\/pages"}],"about":[{"href":"https:\/\/votemoscr.com\/2018\/wp-json\/wp\/v2\/types\/page"}],"author":[{"embeddable":true,"href":"https:\/\/votemoscr.com\/2018\/wp-json\/wp\/v2\/users\/3"}],"replies":[{"embeddable":true,"href":"https:\/\/votemoscr.com\/2018\/wp-json\/wp\/v2\/comments?post=771"}],"version-history":[{"count":10,"href":"https:\/\/votemoscr.com\/2018\/wp-json\/wp\/v2\/pages\/771\/revisions"}],"predecessor-version":[{"id":1321,"href":"https:\/\/votemoscr.com\/2018\/wp-json\/wp\/v2\/pages\/771\/revisions\/1321"}],"wp:attachment":[{"href":"https:\/\/votemoscr.com\/2018\/wp-json\/wp\/v2\/media?parent=771"}],"wp:term":[{"taxonomy":"author","embeddable":true,"href":"https:\/\/votemoscr.com\/2018\/wp-json\/wp\/v2\/ppma_author?post=771"}],"curies":[{"name":"wp","href":"https:\/\/api.w.org\/{rel}","templated":true}]}}